{"id":3935,"date":"2025-06-04T18:40:06","date_gmt":"2025-06-04T16:40:06","guid":{"rendered":"https:\/\/smus-cyclo.fr\/?page_id=3935"},"modified":"2025-06-05T11:41:27","modified_gmt":"2025-06-05T09:41:27","slug":"le-rapport-demmanuel-barbe","status":"publish","type":"page","link":"https:\/\/smus-cyclo.fr\/index.php\/le-rapport-demmanuel-barbe\/","title":{"rendered":"Le rapport d&rsquo;Emmanuel Barbe"},"content":{"rendered":"\t\t<div data-elementor-type=\"wp-page\" data-elementor-id=\"3935\" class=\"elementor elementor-3935\">\n\t\t\t\t<div class=\"elementor-element elementor-element-5f6cc42 e-con-full e-flex e-con e-parent\" data-id=\"5f6cc42\" data-element_type=\"container\">\n\t\t\t\t<div class=\"elementor-element elementor-element-d7266f4 elementor-widget elementor-widget-image\" data-id=\"d7266f4\" data-element_type=\"widget\" data-widget_type=\"image.default\">\n\t\t\t\t<div class=\"elementor-widget-container\">\n\t\t\t\t\t\t\t\t\t\t\t\t\t\t\t<img fetchpriority=\"high\" decoding=\"async\" width=\"724\" height=\"1024\" src=\"https:\/\/smus-cyclo.fr\/wp-content\/uploads\/2025\/06\/CP-FFVEiLO-RAPPORT-EMMANUEL-BARBE_pages-to-jpg-0001-724x1024.jpg\" class=\"attachment-large size-large wp-image-3937\" alt=\"\" srcset=\"https:\/\/smus-cyclo.fr\/wp-content\/uploads\/2025\/06\/CP-FFVEiLO-RAPPORT-EMMANUEL-BARBE_pages-to-jpg-0001-724x1024.jpg 724w, https:\/\/smus-cyclo.fr\/wp-content\/uploads\/2025\/06\/CP-FFVEiLO-RAPPORT-EMMANUEL-BARBE_pages-to-jpg-0001-212x300.jpg 212w, https:\/\/smus-cyclo.fr\/wp-content\/uploads\/2025\/06\/CP-FFVEiLO-RAPPORT-EMMANUEL-BARBE_pages-to-jpg-0001-768x1086.jpg 768w, https:\/\/smus-cyclo.fr\/wp-content\/uploads\/2025\/06\/CP-FFVEiLO-RAPPORT-EMMANUEL-BARBE_pages-to-jpg-0001-1086x1536.jpg 1086w, https:\/\/smus-cyclo.fr\/wp-content\/uploads\/2025\/06\/CP-FFVEiLO-RAPPORT-EMMANUEL-BARBE_pages-to-jpg-0001.jpg 1241w\" sizes=\"(max-width: 724px) 100vw, 724px\" \/>\t\t\t\t\t\t\t\t\t\t\t\t\t\t\t<\/div>\n\t\t\t\t<\/div>\n\t\t\t\t<\/div>\n\t\t<div class=\"elementor-element elementor-element-60aee72 e-flex e-con-boxed e-con e-parent\" data-id=\"60aee72\" data-element_type=\"container\">\n\t\t\t\t\t<div class=\"e-con-inner\">\n\t\t\t\t<div class=\"elementor-element elementor-element-e7cd1b2 elementor-widget elementor-widget-text-editor\" data-id=\"e7cd1b2\" data-element_type=\"widget\" data-widget_type=\"text-editor.default\">\n\t\t\t\t<div class=\"elementor-widget-container\">\n\t\t\t\t\t\t\t\t\t<p><a href=\"https:\/\/www.ecologie.gouv.fr\/sites\/default\/files\/documents\/2025.04.08_Prevenir_les_violences_et_apaiser_les_tensions_pour_mieux_partager_la_voie_publique.pdf\" target=\"_blank\" rel=\"noopener\">Cliquer pour t\u00e9l\u00e9charger l&rsquo;int\u00e9gralit\u00e9 du rapport.<\/a><\/p>\t\t\t\t\t\t\t\t<\/div>\n\t\t\t\t<\/div>\n\t\t\t\t\t<\/div>\n\t\t\t\t<\/div>\n\t\t\t\t<\/div>\n\t\t","protected":false},"excerpt":{"rendered":"<p>Cliquer pour t\u00e9l\u00e9charger l&rsquo;int\u00e9gralit\u00e9 du rapport.<\/p>\n","protected":false},"author":1,"featured_media":610,"parent":0,"menu_order":0,"comment_status":"closed","ping_status":"closed","template":"","meta":{"_eb_attr":"","ocean_post_layout":"","ocean_both_sidebars_style":"","ocean_both_sidebars_content_width":0,"ocean_both_sidebars_sidebars_width":0,"ocean_sidebar":"","ocean_second_sidebar":"","ocean_disable_margins":"enable","ocean_add_body_class":"","ocean_shortcode_before_top_bar":"","ocean_shortcode_after_top_bar":"","ocean_shortcode_before_header":"","ocean_shortcode_after_header":"","ocean_has_shortcode":"","ocean_shortcode_after_title":"","ocean_shortcode_before_footer_widgets":"","ocean_shortcode_after_footer_widgets":"","ocean_shortcode_before_footer_bottom":"","ocean_shortcode_after_footer_bottom":"","ocean_display_top_bar":"default","ocean_display_header":"default","ocean_header_style":"transparent","ocean_center_header_left_menu":"","ocean_custom_header_template":"","ocean_custom_logo":0,"ocean_custom_retina_logo":0,"ocean_custom_logo_max_width":0,"ocean_custom_logo_tablet_max_width":0,"ocean_custom_logo_mobile_max_width":0,"ocean_custom_logo_max_height":0,"ocean_custom_logo_tablet_max_height":0,"ocean_custom_logo_mobile_max_height":0,"ocean_header_custom_menu":"","ocean_menu_typo_font_family":"","ocean_menu_typo_font_subset":"","ocean_menu_typo_font_size":0,"ocean_menu_typo_font_size_tablet":0,"ocean_menu_typo_font_size_mobile":0,"ocean_menu_typo_font_size_unit":"px","ocean_menu_typo_font_weight":"","ocean_menu_typo_font_weight_tablet":"","ocean_menu_typo_font_weight_mobile":"","ocean_menu_typo_transform":"","ocean_menu_typo_transform_tablet":"","ocean_menu_typo_transform_mobile":"","ocean_menu_typo_line_height":0,"ocean_menu_typo_line_height_tablet":0,"ocean_menu_typo_line_height_mobile":0,"ocean_menu_typo_line_height_unit":"","ocean_menu_typo_spacing":0,"ocean_menu_typo_spacing_tablet":0,"ocean_menu_typo_spacing_mobile":0,"ocean_menu_typo_spacing_unit":"","ocean_menu_link_color":"","ocean_menu_link_color_hover":"","ocean_menu_link_color_active":"","ocean_menu_link_background":"","ocean_menu_link_hover_background":"","ocean_menu_link_active_background":"","ocean_menu_social_links_bg":"","ocean_menu_social_hover_links_bg":"","ocean_menu_social_links_color":"","ocean_menu_social_hover_links_color":"","ocean_disable_title":"default","ocean_disable_heading":"enable","ocean_post_title":"","ocean_post_subheading":"","ocean_post_title_style":"background-image","ocean_post_title_background_color":"","ocean_post_title_background":2093,"ocean_post_title_bg_image_position":"bottom right","ocean_post_title_bg_image_attachment":"","ocean_post_title_bg_image_repeat":"","ocean_post_title_bg_image_size":"","ocean_post_title_height":0,"ocean_post_title_bg_overlay":0.5,"ocean_post_title_bg_overlay_color":"","ocean_disable_breadcrumbs":"default","ocean_breadcrumbs_color":"","ocean_breadcrumbs_separator_color":"","ocean_breadcrumbs_links_color":"","ocean_breadcrumbs_links_hover_color":"","ocean_display_footer_widgets":"default","ocean_display_footer_bottom":"default","ocean_custom_footer_template":"","iawp_total_views":5,"footnotes":""},"class_list":["post-3935","page","type-page","status-publish","has-post-thumbnail","hentry","entry","has-media"],"_links":{"self":[{"href":"https:\/\/smus-cyclo.fr\/index.php\/wp-json\/wp\/v2\/pages\/3935","targetHints":{"allow":["GET"]}}],"collection":[{"href":"https:\/\/smus-cyclo.fr\/index.php\/wp-json\/wp\/v2\/pages"}],"about":[{"href":"https:\/\/smus-cyclo.fr\/index.php\/wp-json\/wp\/v2\/types\/page"}],"author":[{"embeddable":true,"href":"https:\/\/smus-cyclo.fr\/index.php\/wp-json\/wp\/v2\/users\/1"}],"replies":[{"embeddable":true,"href":"https:\/\/smus-cyclo.fr\/index.php\/wp-json\/wp\/v2\/comments?post=3935"}],"version-history":[{"count":13,"href":"https:\/\/smus-cyclo.fr\/index.php\/wp-json\/wp\/v2\/pages\/3935\/revisions"}],"predecessor-version":[{"id":3951,"href":"https:\/\/smus-cyclo.fr\/index.php\/wp-json\/wp\/v2\/pages\/3935\/revisions\/3951"}],"wp:featuredmedia":[{"embeddable":true,"href":"https:\/\/smus-cyclo.fr\/index.php\/wp-json\/wp\/v2\/media\/610"}],"wp:attachment":[{"href":"https:\/\/smus-cyclo.fr\/index.php\/wp-json\/wp\/v2\/media?parent=3935"}],"curies":[{"name":"wp","href":"https:\/\/api.w.org\/{rel}","templated":true}]}}