{"id":1546,"date":"2024-05-02T21:34:57","date_gmt":"2024-05-02T19:34:57","guid":{"rendered":"https:\/\/smus-cyclo.fr\/?page_id=1546"},"modified":"2026-01-24T14:48:17","modified_gmt":"2026-01-24T13:48:17","slug":"bureau","status":"publish","type":"page","link":"https:\/\/smus-cyclo.fr\/index.php\/bureau\/","title":{"rendered":"Le bureau du SMUS Cyclotourisme"},"content":{"rendered":"\t\t<div data-elementor-type=\"wp-page\" data-elementor-id=\"1546\" class=\"elementor elementor-1546\">\n\t\t\t\t<div class=\"elementor-element elementor-element-a5a6c18 e-flex e-con-boxed e-con e-parent\" data-id=\"a5a6c18\" data-element_type=\"container\">\n\t\t\t\t\t<div class=\"e-con-inner\">\n\t\t<div class=\"elementor-element elementor-element-df2f3fd e-con-full e-flex e-con e-child\" data-id=\"df2f3fd\" data-element_type=\"container\">\n\t\t\t\t<div class=\"elementor-element elementor-element-5b2fbdf elementor-widget elementor-widget-image\" data-id=\"5b2fbdf\" data-element_type=\"widget\" data-widget_type=\"image.default\">\n\t\t\t\t<div class=\"elementor-widget-container\">\n\t\t\t\t\t\t\t\t\t\t\t\t<figure class=\"wp-caption\">\n\t\t\t\t\t\t\t\t\t\t<img fetchpriority=\"high\" decoding=\"async\" width=\"1920\" height=\"2560\" src=\"https:\/\/smus-cyclo.fr\/wp-content\/uploads\/2025\/01\/DSC00748R.jpg\" class=\"attachment-full size-full wp-image-2781\" alt=\"\" srcset=\"https:\/\/smus-cyclo.fr\/wp-content\/uploads\/2025\/01\/DSC00748R.jpg 1920w, https:\/\/smus-cyclo.fr\/wp-content\/uploads\/2025\/01\/DSC00748R-225x300.jpg 225w, https:\/\/smus-cyclo.fr\/wp-content\/uploads\/2025\/01\/DSC00748R-768x1024.jpg 768w, https:\/\/smus-cyclo.fr\/wp-content\/uploads\/2025\/01\/DSC00748R-1152x1536.jpg 1152w, https:\/\/smus-cyclo.fr\/wp-content\/uploads\/2025\/01\/DSC00748R-1536x2048.jpg 1536w\" sizes=\"(max-width: 1920px) 100vw, 1920px\" \/>\t\t\t\t\t\t\t\t\t\t\t<figcaption class=\"widget-image-caption wp-caption-text\">Fran\u00e7ois LEFEVRE<br>Pr\u00e9sident<\/figcaption>\n\t\t\t\t\t\t\t\t\t\t<\/figure>\n\t\t\t\t\t\t\t\t\t<\/div>\n\t\t\t\t<\/div>\n\t\t\t\t<\/div>\n\t\t<div class=\"elementor-element elementor-element-f9de8a7 e-con-full e-flex e-con e-child\" data-id=\"f9de8a7\" data-element_type=\"container\">\n\t\t\t\t<div class=\"elementor-element elementor-element-e050679 elementor-widget elementor-widget-image\" data-id=\"e050679\" data-element_type=\"widget\" data-widget_type=\"image.default\">\n\t\t\t\t<div class=\"elementor-widget-container\">\n\t\t\t\t\t\t\t\t\t\t\t\t<figure class=\"wp-caption\">\n\t\t\t\t\t\t\t\t\t\t<img decoding=\"async\" width=\"480\" height=\"480\" src=\"https:\/\/smus-cyclo.fr\/wp-content\/uploads\/2024\/05\/DSC06581-3-Petit.jpg\" class=\"attachment-full size-full wp-image-1560\" alt=\"\" srcset=\"https:\/\/smus-cyclo.fr\/wp-content\/uploads\/2024\/05\/DSC06581-3-Petit.jpg 480w, https:\/\/smus-cyclo.fr\/wp-content\/uploads\/2024\/05\/DSC06581-3-Petit-300x300.jpg 300w, https:\/\/smus-cyclo.fr\/wp-content\/uploads\/2024\/05\/DSC06581-3-Petit-150x150.jpg 150w\" sizes=\"(max-width: 480px) 100vw, 480px\" \/>\t\t\t\t\t\t\t\t\t\t\t<figcaption class=\"widget-image-caption wp-caption-text\">Henry NEUSTADT<br>Vice-Pr\u00e9sident<\/figcaption>\n\t\t\t\t\t\t\t\t\t\t<\/figure>\n\t\t\t\t\t\t\t\t\t<\/div>\n\t\t\t\t<\/div>\n\t\t\t\t<\/div>\n\t\t<div class=\"elementor-element elementor-element-3c360fc e-con-full e-flex e-con e-child\" data-id=\"3c360fc\" data-element_type=\"container\">\n\t\t\t\t<div class=\"elementor-element elementor-element-6e70d6c elementor-widget elementor-widget-image\" data-id=\"6e70d6c\" data-element_type=\"widget\" data-widget_type=\"image.default\">\n\t\t\t\t<div class=\"elementor-widget-container\">\n\t\t\t\t\t\t\t\t\t\t\t\t<figure class=\"wp-caption\">\n\t\t\t\t\t\t\t\t\t\t<img decoding=\"async\" width=\"480\" height=\"480\" src=\"https:\/\/smus-cyclo.fr\/wp-content\/uploads\/2024\/05\/DSC06585-3-Petit.jpg\" class=\"attachment-full size-full wp-image-1561\" alt=\"\" srcset=\"https:\/\/smus-cyclo.fr\/wp-content\/uploads\/2024\/05\/DSC06585-3-Petit.jpg 480w, https:\/\/smus-cyclo.fr\/wp-content\/uploads\/2024\/05\/DSC06585-3-Petit-300x300.jpg 300w, https:\/\/smus-cyclo.fr\/wp-content\/uploads\/2024\/05\/DSC06585-3-Petit-150x150.jpg 150w\" sizes=\"(max-width: 480px) 100vw, 480px\" \/>\t\t\t\t\t\t\t\t\t\t\t<figcaption class=\"widget-image-caption wp-caption-text\">Didier IMBERT<br> Tr\u00e9sorier\u200b<\/figcaption>\n\t\t\t\t\t\t\t\t\t\t<\/figure>\n\t\t\t\t\t\t\t\t\t<\/div>\n\t\t\t\t<\/div>\n\t\t\t\t<\/div>\n\t\t<div class=\"elementor-element elementor-element-461b74d e-con-full e-flex e-con e-child\" data-id=\"461b74d\" data-element_type=\"container\">\n\t\t\t\t<div class=\"elementor-element elementor-element-fc0102b elementor-widget elementor-widget-image\" data-id=\"fc0102b\" data-element_type=\"widget\" data-widget_type=\"image.default\">\n\t\t\t\t<div class=\"elementor-widget-container\">\n\t\t\t\t\t\t\t\t\t\t\t\t<figure class=\"wp-caption\">\n\t\t\t\t\t\t\t\t\t\t<img loading=\"lazy\" decoding=\"async\" width=\"480\" height=\"480\" src=\"https:\/\/smus-cyclo.fr\/wp-content\/uploads\/2024\/05\/DSC06571-3_1920_1920-Petit.jpg\" class=\"attachment-full size-full wp-image-1558\" alt=\"\" srcset=\"https:\/\/smus-cyclo.fr\/wp-content\/uploads\/2024\/05\/DSC06571-3_1920_1920-Petit.jpg 480w, https:\/\/smus-cyclo.fr\/wp-content\/uploads\/2024\/05\/DSC06571-3_1920_1920-Petit-300x300.jpg 300w, https:\/\/smus-cyclo.fr\/wp-content\/uploads\/2024\/05\/DSC06571-3_1920_1920-Petit-150x150.jpg 150w\" sizes=\"(max-width: 480px) 100vw, 480px\" \/>\t\t\t\t\t\t\t\t\t\t\t<figcaption class=\"widget-image-caption wp-caption-text\">Michel BONNEFOY<br>Secr\u00e9taire\u200b<br> Webmestre\u200b<\/figcaption>\n\t\t\t\t\t\t\t\t\t\t<\/figure>\n\t\t\t\t\t\t\t\t\t<\/div>\n\t\t\t\t<\/div>\n\t\t\t\t<\/div>\n\t\t<div class=\"elementor-element elementor-element-98c77fe e-con-full e-flex e-con e-child\" data-id=\"98c77fe\" data-element_type=\"container\">\n\t\t\t\t<div class=\"elementor-element elementor-element-4907730 elementor-widget elementor-widget-image\" data-id=\"4907730\" data-element_type=\"widget\" data-widget_type=\"image.default\">\n\t\t\t\t<div class=\"elementor-widget-container\">\n\t\t\t\t\t\t\t\t\t\t\t\t<figure class=\"wp-caption\">\n\t\t\t\t\t\t\t\t\t\t<img loading=\"lazy\" decoding=\"async\" width=\"480\" height=\"480\" src=\"https:\/\/smus-cyclo.fr\/wp-content\/uploads\/2024\/05\/DSC04672-1-Petit.jpg\" class=\"attachment-full size-full wp-image-1562\" alt=\"\" srcset=\"https:\/\/smus-cyclo.fr\/wp-content\/uploads\/2024\/05\/DSC04672-1-Petit.jpg 480w, https:\/\/smus-cyclo.fr\/wp-content\/uploads\/2024\/05\/DSC04672-1-Petit-300x300.jpg 300w, https:\/\/smus-cyclo.fr\/wp-content\/uploads\/2024\/05\/DSC04672-1-Petit-150x150.jpg 150w\" sizes=\"(max-width: 480px) 100vw, 480px\" \/>\t\t\t\t\t\t\t\t\t\t\t<figcaption class=\"widget-image-caption wp-caption-text\">Julien FOUCART<br>Secr\u00e9taire\u200b adjoint<br>Communication<\/figcaption>\n\t\t\t\t\t\t\t\t\t\t<\/figure>\n\t\t\t\t\t\t\t\t\t<\/div>\n\t\t\t\t<\/div>\n\t\t\t\t<\/div>\n\t\t<div class=\"elementor-element elementor-element-fa0dded e-con-full e-flex e-con e-child\" data-id=\"fa0dded\" data-element_type=\"container\">\n\t\t\t\t<div class=\"elementor-element elementor-element-63d6a1e elementor-widget elementor-widget-image\" data-id=\"63d6a1e\" data-element_type=\"widget\" data-widget_type=\"image.default\">\n\t\t\t\t<div class=\"elementor-widget-container\">\n\t\t\t\t\t\t\t\t\t\t\t\t<figure class=\"wp-caption\">\n\t\t\t\t\t\t\t\t\t\t<img loading=\"lazy\" decoding=\"async\" width=\"480\" height=\"480\" src=\"https:\/\/smus-cyclo.fr\/wp-content\/uploads\/2024\/05\/DSC06555-3-Petit.jpg\" class=\"attachment-full size-full wp-image-1563\" alt=\"\" srcset=\"https:\/\/smus-cyclo.fr\/wp-content\/uploads\/2024\/05\/DSC06555-3-Petit.jpg 480w, https:\/\/smus-cyclo.fr\/wp-content\/uploads\/2024\/05\/DSC06555-3-Petit-300x300.jpg 300w, https:\/\/smus-cyclo.fr\/wp-content\/uploads\/2024\/05\/DSC06555-3-Petit-150x150.jpg 150w\" sizes=\"(max-width: 480px) 100vw, 480px\" \/>\t\t\t\t\t\t\t\t\t\t\t<figcaption class=\"widget-image-caption wp-caption-text\">Claude MACK<br>S\u00e9jours<\/figcaption>\n\t\t\t\t\t\t\t\t\t\t<\/figure>\n\t\t\t\t\t\t\t\t\t<\/div>\n\t\t\t\t<\/div>\n\t\t\t\t<\/div>\n\t\t\t\t\t<\/div>\n\t\t\t\t<\/div>\n\t\t<div class=\"elementor-element elementor-element-1275722 e-flex e-con-boxed e-con e-parent\" data-id=\"1275722\" data-element_type=\"container\">\n\t\t\t\t\t<div class=\"e-con-inner\">\n\t\t<div class=\"elementor-element elementor-element-9cfc3a7 e-con-full e-flex e-con e-child\" data-id=\"9cfc3a7\" data-element_type=\"container\">\n\t\t\t\t<div class=\"elementor-element elementor-element-ea96ca9 elementor-widget elementor-widget-image\" data-id=\"ea96ca9\" data-element_type=\"widget\" data-widget_type=\"image.default\">\n\t\t\t\t<div class=\"elementor-widget-container\">\n\t\t\t\t\t\t\t\t\t\t\t\t<figure class=\"wp-caption\">\n\t\t\t\t\t\t\t\t\t\t<img loading=\"lazy\" decoding=\"async\" width=\"480\" height=\"480\" src=\"https:\/\/smus-cyclo.fr\/wp-content\/uploads\/2024\/05\/DSC04669-TC-Petit.jpg\" class=\"attachment-full size-full wp-image-1568\" alt=\"\" srcset=\"https:\/\/smus-cyclo.fr\/wp-content\/uploads\/2024\/05\/DSC04669-TC-Petit.jpg 480w, https:\/\/smus-cyclo.fr\/wp-content\/uploads\/2024\/05\/DSC04669-TC-Petit-300x300.jpg 300w, https:\/\/smus-cyclo.fr\/wp-content\/uploads\/2024\/05\/DSC04669-TC-Petit-150x150.jpg 150w\" sizes=\"(max-width: 480px) 100vw, 480px\" \/>\t\t\t\t\t\t\t\t\t\t\t<figcaption class=\"widget-image-caption wp-caption-text\">Thierry CHASSAGNE <br> D\u00e9l\u00e9gu\u00e9 \u00e0 la s\u00e9curit\u00e9<\/figcaption>\n\t\t\t\t\t\t\t\t\t\t<\/figure>\n\t\t\t\t\t\t\t\t\t<\/div>\n\t\t\t\t<\/div>\n\t\t\t\t<\/div>\n\t\t<div class=\"elementor-element elementor-element-844fea1 e-con-full e-flex e-con e-child\" data-id=\"844fea1\" data-element_type=\"container\">\n\t\t\t\t<div class=\"elementor-element elementor-element-36f1c14 elementor-widget elementor-widget-image\" data-id=\"36f1c14\" data-element_type=\"widget\" data-widget_type=\"image.default\">\n\t\t\t\t<div class=\"elementor-widget-container\">\n\t\t\t\t\t\t\t\t\t\t\t\t<figure class=\"wp-caption\">\n\t\t\t\t\t\t\t\t\t\t<img loading=\"lazy\" decoding=\"async\" width=\"1614\" height=\"2560\" src=\"https:\/\/smus-cyclo.fr\/wp-content\/uploads\/2026\/01\/20260115_215304-EDIT-scaled.jpg\" class=\"attachment-full size-full wp-image-4505\" alt=\"\" srcset=\"https:\/\/smus-cyclo.fr\/wp-content\/uploads\/2026\/01\/20260115_215304-EDIT-scaled.jpg 1614w, https:\/\/smus-cyclo.fr\/wp-content\/uploads\/2026\/01\/20260115_215304-EDIT-189x300.jpg 189w, https:\/\/smus-cyclo.fr\/wp-content\/uploads\/2026\/01\/20260115_215304-EDIT-646x1024.jpg 646w, https:\/\/smus-cyclo.fr\/wp-content\/uploads\/2026\/01\/20260115_215304-EDIT-768x1218.jpg 768w, https:\/\/smus-cyclo.fr\/wp-content\/uploads\/2026\/01\/20260115_215304-EDIT-968x1536.jpg 968w, https:\/\/smus-cyclo.fr\/wp-content\/uploads\/2026\/01\/20260115_215304-EDIT-1291x2048.jpg 1291w\" sizes=\"(max-width: 1614px) 100vw, 1614px\" \/>\t\t\t\t\t\t\t\t\t\t\t<figcaption class=\"widget-image-caption wp-caption-text\">Fr\u00e9d\u00e9ric SER<\/figcaption>\n\t\t\t\t\t\t\t\t\t\t<\/figure>\n\t\t\t\t\t\t\t\t\t<\/div>\n\t\t\t\t<\/div>\n\t\t\t\t<\/div>\n\t\t<div class=\"elementor-element elementor-element-b3d7aee e-con-full e-flex e-con e-child\" data-id=\"b3d7aee\" data-element_type=\"container\">\n\t\t\t\t<\/div>\n\t\t<div class=\"elementor-element elementor-element-2af2b4d e-con-full e-flex e-con e-child\" data-id=\"2af2b4d\" data-element_type=\"container\">\n\t\t\t\t<div class=\"elementor-element elementor-element-00fe0ec elementor-widget elementor-widget-heading\" data-id=\"00fe0ec\" data-element_type=\"widget\" data-widget_type=\"heading.default\">\n\t\t\t\t<div class=\"elementor-widget-container\">\n\t\t\t\t\t<p class=\"elementor-heading-title elementor-size-default\"><a href=\"https:\/\/smus-cyclo.fr\/index.php\/espace-bureau\/\">\u00b7<\/a><\/p>\t\t\t\t<\/div>\n\t\t\t\t<\/div>\n\t\t\t\t<\/div>\n\t\t<div class=\"elementor-element elementor-element-36f2a78 e-con-full e-flex e-con e-child\" data-id=\"36f2a78\" data-element_type=\"container\">\n\t\t\t\t<\/div>\n\t\t\t\t\t<\/div>\n\t\t\t\t<\/div>\n\t\t<div class=\"elementor-element elementor-element-2e40ee3 e-flex e-con-boxed e-con e-parent\" data-id=\"2e40ee3\" data-element_type=\"container\">\n\t\t\t\t\t<div class=\"e-con-inner\">\n\t\t\t\t\t<\/div>\n\t\t\t\t<\/div>\n\t\t\t\t<\/div>\n\t\t","protected":false},"excerpt":{"rendered":"<p>Fran\u00e7ois LEFEVREPr\u00e9sident Henry NEUSTADTVice-Pr\u00e9sident Didier IMBERT Tr\u00e9sorier\u200b Michel BONNEFOYSecr\u00e9taire\u200b Webmestre\u200b Julien FOUCARTSecr\u00e9taire\u200b adjointCommunication Claude MACKS\u00e9jours Thierry CHASSAGNE D\u00e9l\u00e9gu\u00e9 \u00e0 la s\u00e9curit\u00e9 Fr\u00e9d\u00e9ric SER \u00b7<\/p>\n","protected":false},"author":2,"featured_media":0,"parent":0,"menu_order":0,"comment_status":"closed","ping_status":"closed","template":"","meta":{"_eb_attr":"","ocean_post_layout":"","ocean_both_sidebars_style":"","ocean_both_sidebars_content_width":0,"ocean_both_sidebars_sidebars_width":0,"ocean_sidebar":"","ocean_second_sidebar":"","ocean_disable_margins":"enable","ocean_add_body_class":"","ocean_shortcode_before_top_bar":"","ocean_shortcode_after_top_bar":"","ocean_shortcode_before_header":"","ocean_shortcode_after_header":"","ocean_has_shortcode":"","ocean_shortcode_after_title":"","ocean_shortcode_before_footer_widgets":"","ocean_shortcode_after_footer_widgets":"","ocean_shortcode_before_footer_bottom":"","ocean_shortcode_after_footer_bottom":"","ocean_display_top_bar":"default","ocean_display_header":"default","ocean_header_style":"","ocean_center_header_left_menu":"","ocean_custom_header_template":"","ocean_custom_logo":1037,"ocean_custom_retina_logo":0,"ocean_custom_logo_max_width":301,"ocean_custom_logo_tablet_max_width":0,"ocean_custom_logo_mobile_max_width":0,"ocean_custom_logo_max_height":301,"ocean_custom_logo_tablet_max_height":0,"ocean_custom_logo_mobile_max_height":0,"ocean_header_custom_menu":"","ocean_menu_typo_font_family":"","ocean_menu_typo_font_subset":"","ocean_menu_typo_font_size":0,"ocean_menu_typo_font_size_tablet":0,"ocean_menu_typo_font_size_mobile":0,"ocean_menu_typo_font_size_unit":"px","ocean_menu_typo_font_weight":"","ocean_menu_typo_font_weight_tablet":"","ocean_menu_typo_font_weight_mobile":"","ocean_menu_typo_transform":"","ocean_menu_typo_transform_tablet":"","ocean_menu_typo_transform_mobile":"","ocean_menu_typo_line_height":0,"ocean_menu_typo_line_height_tablet":0,"ocean_menu_typo_line_height_mobile":0,"ocean_menu_typo_line_height_unit":"","ocean_menu_typo_spacing":0,"ocean_menu_typo_spacing_tablet":0,"ocean_menu_typo_spacing_mobile":0,"ocean_menu_typo_spacing_unit":"","ocean_menu_link_color":"","ocean_menu_link_color_hover":"","ocean_menu_link_color_active":"","ocean_menu_link_background":"","ocean_menu_link_hover_background":"","ocean_menu_link_active_background":"","ocean_menu_social_links_bg":"","ocean_menu_social_hover_links_bg":"","ocean_menu_social_links_color":"","ocean_menu_social_hover_links_color":"","ocean_disable_title":"default","ocean_disable_heading":"default","ocean_post_title":"","ocean_post_subheading":"","ocean_post_title_style":"solid-color","ocean_post_title_background_color":"#78ff78","ocean_post_title_background":0,"ocean_post_title_bg_image_position":"","ocean_post_title_bg_image_attachment":"","ocean_post_title_bg_image_repeat":"","ocean_post_title_bg_image_size":"","ocean_post_title_height":0,"ocean_post_title_bg_overlay":0.5,"ocean_post_title_bg_overlay_color":"","ocean_disable_breadcrumbs":"off","ocean_breadcrumbs_color":"","ocean_breadcrumbs_separator_color":"","ocean_breadcrumbs_links_color":"","ocean_breadcrumbs_links_hover_color":"","ocean_display_footer_widgets":"default","ocean_display_footer_bottom":"default","ocean_custom_footer_template":"","iawp_total_views":91,"footnotes":""},"class_list":["post-1546","page","type-page","status-publish","hentry","entry"],"_links":{"self":[{"href":"https:\/\/smus-cyclo.fr\/index.php\/wp-json\/wp\/v2\/pages\/1546","targetHints":{"allow":["GET"]}}],"collection":[{"href":"https:\/\/smus-cyclo.fr\/index.php\/wp-json\/wp\/v2\/pages"}],"about":[{"href":"https:\/\/smus-cyclo.fr\/index.php\/wp-json\/wp\/v2\/types\/page"}],"author":[{"embeddable":true,"href":"https:\/\/smus-cyclo.fr\/index.php\/wp-json\/wp\/v2\/users\/2"}],"replies":[{"embeddable":true,"href":"https:\/\/smus-cyclo.fr\/index.php\/wp-json\/wp\/v2\/comments?post=1546"}],"version-history":[{"count":45,"href":"https:\/\/smus-cyclo.fr\/index.php\/wp-json\/wp\/v2\/pages\/1546\/revisions"}],"predecessor-version":[{"id":4508,"href":"https:\/\/smus-cyclo.fr\/index.php\/wp-json\/wp\/v2\/pages\/1546\/revisions\/4508"}],"wp:attachment":[{"href":"https:\/\/smus-cyclo.fr\/index.php\/wp-json\/wp\/v2\/media?parent=1546"}],"curies":[{"name":"wp","href":"https:\/\/api.w.org\/{rel}","templated":true}]}}